{"id":57,"date":"2025-02-08T18:31:27","date_gmt":"2025-02-08T18:31:27","guid":{"rendered":"https:\/\/loc-desi.si\/?page_id=57"},"modified":"2025-02-10T13:50:53","modified_gmt":"2025-02-10T13:50:53","slug":"main","status":"publish","type":"page","link":"https:\/\/loc-desi.si\/","title":{"rendered":"LOC-DESI"},"content":{"rendered":"\n<p>V dana\u0161nji digitalni dru\u017ebi \u0161irok nabor digitalnih storitev v zasebnem sektorju ustvarja pri\u010dakovanja po enakih ali celo bolj u\u010dinkovitih digitalnih storitvah tudi v javnem sektorju. Tako se lokalna samouprava oz. ob\u010dine soo\u010dajo s potrebo po digitalni preobrazbi (DP). Da pa se omogo\u010di ustrezno na\u010drtovanje, implementacija in evalvacija DP je klju\u010dno, da se vzpostavi ustrezne sisteme merjenja in nadzorovanja, ki omogo\u010dijo jasnost, a\u017eurnost, primerljivost in celo tekmovalnost. Tega se je zavedala tudi EU in njene \u010dlanice, ki so pripravile razli\u010dne sisteme merjenja in okvire, ki na podlagi strate\u0161kih ciljev, najbolj\u0161ih praks in \u017eelje po celovitem napredku opredeljujejo merila DP oz. t.i. modele zrelosti digitalne preobrazbe. Med najbolj znane zagotovo sodita eGovernment benchmark in DESI indeks.<\/p>\n\n\n\n<p><br>Podoben koncept je zagotovo nujen tudi na ravni ob\u010din. Te\u017eko je namre\u010d napredovati na nekem novem podro\u010dju, kar DP ob\u010din nedvomno je, in postavljati dolgoro\u010dne cilje, \u010de posamezna ob\u010dina ne more oceniti svojega relativnega napredka glede na druge ob\u010dine in se od najbolj\u0161ih tudi u\u010diti. Za Slovenijo obstaja lokalni indeks DESI, sestavljeno merilo za ocenjevanje zrelosti digitalnega gospodarstva in dru\u017ebe na ob\u010dinski ravni, ki vklju\u010duje razli\u010dne kazalnike, ki odra\u017eajo stanje digitalnih razse\u017enosti v posamezni ob\u010dini. Indeks je strukturiran na podlagi \u0161tirih osnovnih razse\u017enosti in ustreznih pod-razse\u017enosti ter omogo\u010da objektivno vrednotenje in primerjanje digitalne zrelosti ob\u010din. Ker pa trenutna re\u0161itev lokalnega indeksa DESI vklju\u010duje nekatere bistvene omejitve (nabor kazalnikov, viri podatkov, kompatibilnost z EU indeksom DESI), ga je potrebno ustrezno nadgraditi. Upravna ureditev dr\u017eav \u010dlanic EU je na podro\u010dju lokalne samouprave raznolika, predvsem pa specifikacije le-te pomembno vplivajo na na\u010din delovanja ob\u010din in seveda na njihovo digitalno preobrazbo. Zato je potrebno za vsako dr\u017eavo razviti prilagojen model merjenja zrelosti digitalne preobrazbe ob\u010din, ki upo\u0161teva njene specifike, je usklajen z indeksom DESI za dr\u017eave in temelji na javno dostopnih podatkih, ki jih je mogo\u010de zbirati oz. meriti. Z oblikovanjem tak\u0161nega lokalnega indeksa DESI za Slovenijo bo omogo\u010deno spremljanja poteka digitalne preobrazbe na ravni ob\u010din in primerjalno za vse ob\u010dine.<\/p>\n\n\n\n<figure class=\"wp-block-image aligncenter size-full\"><img loading=\"lazy\" decoding=\"async\" width=\"512\" height=\"512\" src=\"https:\/\/loc-desi.si\/wp-content\/uploads\/2024\/12\/cropped-MDTI.png\" alt=\"\" class=\"wp-image-15\" srcset=\"https:\/\/loc-desi.si\/wp-content\/uploads\/2024\/12\/cropped-MDTI.png 512w, https:\/\/loc-desi.si\/wp-content\/uploads\/2024\/12\/cropped-MDTI-300x300.png 300w, https:\/\/loc-desi.si\/wp-content\/uploads\/2024\/12\/cropped-MDTI-150x150.png 150w, https:\/\/loc-desi.si\/wp-content\/uploads\/2024\/12\/cropped-MDTI-270x270.png 270w, https:\/\/loc-desi.si\/wp-content\/uploads\/2024\/12\/cropped-MDTI-192x192.png 192w, https:\/\/loc-desi.si\/wp-content\/uploads\/2024\/12\/cropped-MDTI-180x180.png 180w, https:\/\/loc-desi.si\/wp-content\/uploads\/2024\/12\/cropped-MDTI-32x32.png 32w\" sizes=\"auto, (max-width: 512px) 100vw, 512px\" \/><\/figure>\n","protected":false},"excerpt":{"rendered":"<p>V dana\u0161nji digitalni dru\u017ebi \u0161irok nabor digitalnih storitev v zasebnem sektorju ustvarja pri\u010dakovanja po enakih ali celo bolj u\u010dinkovitih digitalnih storitvah tudi v javnem sektorju. Tako se lokalna samouprava oz. ob\u010dine soo\u010dajo s potrebo po digitalni preobrazbi (DP). Da pa se omogo\u010di ustrezno na\u010drtovanje, implementacija in evalvacija DP je klju\u010dno, da se vzpostavi ustrezne sisteme [&hellip;]<\/p>\n","protected":false},"author":1,"featured_media":0,"parent":0,"menu_order":0,"comment_status":"closed","ping_status":"closed","template":"","meta":{"footnotes":""},"class_list":["post-57","page","type-page","status-publish","hentry"],"_links":{"self":[{"href":"https:\/\/loc-desi.si\/index.php\/wp-json\/wp\/v2\/pages\/57","targetHints":{"allow":["GET"]}}],"collection":[{"href":"https:\/\/loc-desi.si\/index.php\/wp-json\/wp\/v2\/pages"}],"about":[{"href":"https:\/\/loc-desi.si\/index.php\/wp-json\/wp\/v2\/types\/page"}],"author":[{"embeddable":true,"href":"https:\/\/loc-desi.si\/index.php\/wp-json\/wp\/v2\/users\/1"}],"replies":[{"embeddable":true,"href":"https:\/\/loc-desi.si\/index.php\/wp-json\/wp\/v2\/comments?post=57"}],"version-history":[{"count":5,"href":"https:\/\/loc-desi.si\/index.php\/wp-json\/wp\/v2\/pages\/57\/revisions"}],"predecessor-version":[{"id":90,"href":"https:\/\/loc-desi.si\/index.php\/wp-json\/wp\/v2\/pages\/57\/revisions\/90"}],"wp:attachment":[{"href":"https:\/\/loc-desi.si\/index.php\/wp-json\/wp\/v2\/media?parent=57"}],"curies":[{"name":"wp","href":"https:\/\/api.w.org\/{rel}","templated":true}]}}