{"id":45,"date":"2025-02-08T18:18:42","date_gmt":"2025-02-08T18:18:42","guid":{"rendered":"https:\/\/loc-desi.si\/?page_id=45"},"modified":"2025-02-08T18:28:50","modified_gmt":"2025-02-08T18:28:50","slug":"strategija-digitalna-slovenija-dsi-2030","status":"publish","type":"page","link":"https:\/\/loc-desi.si\/index.php\/strategija-digitalna-slovenija-dsi-2030\/","title":{"rendered":"Strategija Digitalna Slovenija (DSI 2030)"},"content":{"rendered":"\n<p>Digitalna strategija Slovenije (<a href=\"https:\/\/www.gov.si\/assets\/ministrstva\/MDP\/Dokumenti\/DSI2030-potrjena-na-Vladi-RS_marec-2023.pdf\" data-type=\"link\" data-id=\"https:\/\/www.gov.si\/assets\/ministrstva\/MDP\/Dokumenti\/DSI2030-potrjena-na-Vladi-RS_marec-2023.pdf\">DSI 2030<\/a>) je odraz usklajevanja slovenskega na\u010drta digitalne preobrazbe z usmeritvami in dokumenti EU. Povezava se ka\u017ee v ve\u010d specifi\u010dnih ciljih, vezanih na \u010dlove\u0161ki kapital, povezljivost, integracija digitalnih tehnologij in digitalne javne storitve, ki so podro\u010dja DESI indeksa oz. meritev digitalne uspe\u0161nosti dr\u017eav \u010dlanic EU Strategija DSI 2030 zajema ta podro\u010dja prek prednostnih ciljev, kot so razvoj digitalnih kompetenc, vzpostavitev gigabitne infrastrukture, digitalna preobrazba gospodarstva in izbolj\u0161anje digitalnih javnih storitev.<\/p>\n\n\n\n<p>Digitalna strategija Slovenije (DSI 2030) definira Lokalni DESI, ki je sestavljeni indeks digitalnega gospodarstva in dru\u017ebe na ravni ob\u010din iz razli\u010dnih kazalnikov, ki na podlagi razpolo\u017eljivih podatkov odra\u017eajo stanje \u0161tirih dimenzij v posameznih ob\u010dinah: \u010dlove\u0161kega kapitala, povezljivosti, integracije digitalnih tehnologij in digitalnih javnih storitev. Kazalnik izra\u017ea izra\u010dunano povpre\u010dje vseh 212 ob\u010din za leto 2022 in ciljno rast za leti 2025 in 2030.<\/p>\n\n\n\n<p><\/p>\n","protected":false},"excerpt":{"rendered":"<p>Digitalna strategija Slovenije (DSI 2030) je odraz usklajevanja slovenskega na\u010drta digitalne preobrazbe z usmeritvami in dokumenti EU. Povezava se ka\u017ee v ve\u010d specifi\u010dnih ciljih, vezanih na \u010dlove\u0161ki kapital, povezljivost, integracija digitalnih tehnologij in digitalne javne storitve, ki so podro\u010dja DESI indeksa oz. meritev digitalne uspe\u0161nosti dr\u017eav \u010dlanic EU Strategija DSI 2030 zajema ta podro\u010dja prek [&hellip;]<\/p>\n","protected":false},"author":1,"featured_media":0,"parent":0,"menu_order":0,"comment_status":"closed","ping_status":"closed","template":"","meta":{"footnotes":""},"class_list":["post-45","page","type-page","status-publish","hentry"],"_links":{"self":[{"href":"https:\/\/loc-desi.si\/index.php\/wp-json\/wp\/v2\/pages\/45","targetHints":{"allow":["GET"]}}],"collection":[{"href":"https:\/\/loc-desi.si\/index.php\/wp-json\/wp\/v2\/pages"}],"about":[{"href":"https:\/\/loc-desi.si\/index.php\/wp-json\/wp\/v2\/types\/page"}],"author":[{"embeddable":true,"href":"https:\/\/loc-desi.si\/index.php\/wp-json\/wp\/v2\/users\/1"}],"replies":[{"embeddable":true,"href":"https:\/\/loc-desi.si\/index.php\/wp-json\/wp\/v2\/comments?post=45"}],"version-history":[{"count":2,"href":"https:\/\/loc-desi.si\/index.php\/wp-json\/wp\/v2\/pages\/45\/revisions"}],"predecessor-version":[{"id":55,"href":"https:\/\/loc-desi.si\/index.php\/wp-json\/wp\/v2\/pages\/45\/revisions\/55"}],"wp:attachment":[{"href":"https:\/\/loc-desi.si\/index.php\/wp-json\/wp\/v2\/media?parent=45"}],"curies":[{"name":"wp","href":"https:\/\/api.w.org\/{rel}","templated":true}]}}