{"id":2,"date":"2024-12-08T22:19:10","date_gmt":"2024-12-08T22:19:10","guid":{"rendered":"https:\/\/www.loc-desi.si\/wordpress\/?page_id=2"},"modified":"2025-02-08T18:29:23","modified_gmt":"2025-02-08T18:29:23","slug":"sample-page","status":"publish","type":"page","link":"https:\/\/loc-desi.si\/index.php\/sample-page\/","title":{"rendered":"O projektu"},"content":{"rendered":"Eden izmed ciljev <a href=\"https:\/\/loc-desi.si\/index.php\/strategija-digitalna-slovenija-dsi-2030\/\">Digitalne Slovenije 2030<\/a>, ki se nana\u0161a na digitalno preobrazbo lokalnih skupnosti v poglavju Pot v pametno dru\u017ebo 5.0, je pospe\u0161iti razvoj pametnih mest in skupnosti, ki bo skladen z na\u0161imi vrednotami in bo usmerjen v dobrobit posameznika, \u0161ir\u0161e dru\u017ebe in okolja.\n\nZato je Slovenija leta 2022 vzpostavila Lokalni DESI indeks. Lokalni DESI je sestavljen indeks digitalnega gospodarstva in dru\u017ebe na ravni ob\u010din iz razli\u010dnih indikatorjev, ki na podlagi razpolo\u017eljivih podatkov odra\u017eajo stanje \u0161tirih dimenzij v posameznih ob\u010dinah: \u010dlove\u0161kega kapitala, povezljivosti, integracije digitalnih tehnologij in digitalnih javnih storitev. Kazalnik odra\u017ea izra\u010dunano povpre\u010dje vseh 212 ob\u010din za leto 2022 in ciljno rast za leti 2025 in 2030.\n\nCilj projekta je, da se razi\u0161\u010dejo mo\u017enosti za uvedbo dodatnih indikatorjev po posameznih dimenzijah in pod-dimenzijah, za katere so dostopni podatki za vsako ob\u010dino. Novi indikatorji bodo tako bolje opredelili lokalni DESI indeks in bolje predstavili digitalno razvitost slovenskih ob\u010din.\n\nCilj projekta LOC_DESI je prepoznati najbolj\u0161e prakse, izpostaviti podro\u010dja za izbolj\u0161ave in spodbujati izmenjavo znanja med slovenskimi ob\u010dinami za skupen napredek v digitalizaciji.\n\n<!-- \/wp:post-content -->","protected":false},"excerpt":{"rendered":"<p>Eden izmed ciljev Digitalne Slovenije 2030, ki se nana\u0161a na digitalno preobrazbo lokalnih skupnosti v poglavju Pot v pametno dru\u017ebo 5.0, je pospe\u0161iti razvoj pametnih mest in skupnosti, ki bo skladen z na\u0161imi vrednotami in bo usmerjen v dobrobit posameznika, \u0161ir\u0161e dru\u017ebe in okolja. Zato je Slovenija leta 2022 vzpostavila Lokalni DESI indeks. Lokalni DESI [&hellip;]<\/p>\n","protected":false},"author":1,"featured_media":0,"parent":0,"menu_order":0,"comment_status":"closed","ping_status":"open","template":"","meta":{"footnotes":""},"class_list":["post-2","page","type-page","status-publish","hentry"],"_links":{"self":[{"href":"https:\/\/loc-desi.si\/index.php\/wp-json\/wp\/v2\/pages\/2","targetHints":{"allow":["GET"]}}],"collection":[{"href":"https:\/\/loc-desi.si\/index.php\/wp-json\/wp\/v2\/pages"}],"about":[{"href":"https:\/\/loc-desi.si\/index.php\/wp-json\/wp\/v2\/types\/page"}],"author":[{"embeddable":true,"href":"https:\/\/loc-desi.si\/index.php\/wp-json\/wp\/v2\/users\/1"}],"replies":[{"embeddable":true,"href":"https:\/\/loc-desi.si\/index.php\/wp-json\/wp\/v2\/comments?post=2"}],"version-history":[{"count":24,"href":"https:\/\/loc-desi.si\/index.php\/wp-json\/wp\/v2\/pages\/2\/revisions"}],"predecessor-version":[{"id":56,"href":"https:\/\/loc-desi.si\/index.php\/wp-json\/wp\/v2\/pages\/2\/revisions\/56"}],"wp:attachment":[{"href":"https:\/\/loc-desi.si\/index.php\/wp-json\/wp\/v2\/media?parent=2"}],"curies":[{"name":"wp","href":"https:\/\/api.w.org\/{rel}","templated":true}]}}